{"id":2008,"date":"2023-03-28T11:24:06","date_gmt":"2023-03-28T11:24:06","guid":{"rendered":"https:\/\/showeeshower.com\/?page_id=2008"},"modified":"2024-10-21T07:48:38","modified_gmt":"2024-10-21T07:48:38","slug":"politica-de-cookies","status":"publish","type":"page","link":"https:\/\/showeeshower.com\/en\/politica-de-cookies\/","title":{"rendered":"Cookie Policy"},"content":{"rendered":"<div class=\"wp-block-uagb-advanced-heading uagb-block-9cd3b69e\"><h2 class=\"uagb-heading-text\">Cookie Policy<\/h2><\/div>\n\n\n\n<p><\/p>\n\n\n\n<h3 class=\"wp-block-heading\">\u00bfQu\u00e9 son las cookies?<\/h3>\n\n\n\n<p>Las cookies son archivos o ficheros que se descargan en el ordenador\/smartphone\/tablet del Usuario al acceder a determinadas p\u00e1ginas web y aplicaciones que permiten almacenar preferencias de la navegaci\u00f3n del Usuario, haciendo que la interacci\u00f3n entre el Usuario y el Sitio Web\/Plataforma sea m\u00e1s r\u00e1pida y f\u00e1cil.<\/p>\n\n\n\n<p>La informaci\u00f3n recogida por las cookies es an\u00f3nima y no contiene ninguna informaci\u00f3n sensible ya que no recogen datos que puedan identificar personalmente al Usuario. En cualquier caso, el Usuario podr\u00e1 acceder a la configuraci\u00f3n de su navegador para modificar y\/o bloquear la instalaci\u00f3n de las Cookies enviadas desde el Sitio Web\/Plataforma, sin que ello impida el acceso a los contenidos.<\/p>\n\n\n\n<h3 class=\"wp-block-heading\"><strong>\u00bfPara qu\u00e9 utiliza SHOWEE las cookies?<\/strong><\/h3>\n\n\n\n<p>De conformidad con el art\u00edculo 22 de la Ley de Servicios de la Sociedad de la Informaci\u00f3n y Comercio Electr\u00f3nico, as\u00ed como en el Considerando (30) del Reglamento General de Protecci\u00f3n de Datos (en adelante, \u201cRGPD\u201d), el presente Sitio Web\/Plataforma utiliza cookies u otros dispositivos de almacenamiento y recuperaci\u00f3n de informaci\u00f3n para realizar un seguimiento de las interacciones de los Usuarios con los servicios ofrecidos en el Sitio Web\/Plataforma.<\/p>\n\n\n\n<p>Las&nbsp;cookies&nbsp;permiten reconocer el navegador de un Usuario, as\u00ed como el tipo de dispositivo desde el que se accede al Sitio Web\/Plataforma, y se utilizan para facilitar la pr\u00f3xima visita del Usuario y hacer que el Sitio Web\/Plataforma resulte m\u00e1s \u00fatil.<\/p>\n\n\n\n<p>SHOWEE utiliza las cookies para:<\/p>\n\n\n\n<div class=\"wp-block-uagb-container uagb-block-3a0e4a06 default uagb-is-root-container\">\n<ul class=\"wp-block-list\">\n<li>Optimizar la navegaci\u00f3n del Usuario mediante el seguimiento de la sesi\u00f3n.<\/li>\n\n\n\n<li>Recopilar informaci\u00f3n para optimizar la navegaci\u00f3n y mejorar el Sitio Web\/Plataforma.<\/li>\n<\/ul>\n<\/div>\n\n\n\n<p>El Sitio Web\/Plataforma utiliza los siguientes tipos de cookies:<\/p>\n\n\n\n<div class=\"wp-block-uagb-container uagb-block-a6aeba7d default uagb-is-root-container\">\n<ul class=\"wp-block-list\">\n<li><strong><strong>Cookies necesarias<\/strong><\/strong>: Cookies estrictamente necesarias para prestar un servicio o contenido solicitado por el usuario. \u00c9stas se encargan de aspectos t\u00e9cnicos como identificar registros y gestionar preferencias de herramientas en el uso, interacci\u00f3n y localizaci\u00f3n del acceso a los contenidos.<\/li>\n<\/ul>\n<\/div>\n\n\n\n<figure class=\"wp-block-table\"><table><tbody><tr><td><strong>Name<\/strong><\/td><td><strong>Proveedor<\/strong><\/td><td><strong>Descripci\u00f3n<\/strong><\/td><td><strong>Caducidad<\/strong><\/td><td><strong>Tipo<\/strong><\/td><\/tr><\/tbody><\/table><\/figure>\n\n\n\n<div class=\"wp-block-uagb-container uagb-block-88fa2784 default uagb-is-root-container\">\n<ul class=\"wp-block-list\">\n<li><strong>Cookies estad\u00edsticas<\/strong>: Las cookies estad\u00edsticas ayudan a los propietarios de sitios web a comprender c\u00f3mo los visitantes interact\u00faan con los sitios web al recopilar y reportar informaci\u00f3n de forma an\u00f3nima.<\/li>\n<\/ul>\n<\/div>\n\n\n\n<figure class=\"wp-block-table\"><table><tbody><tr><td><strong>Name<\/strong><\/td><td><strong>Proveedor<\/strong><\/td><td><strong>Descripci\u00f3n<\/strong><\/td><td><strong>Caducidad<\/strong><\/td><td><strong>Tipo<\/strong><\/td><\/tr><tr><td>_ga<\/td><td>.showeeshower.com<\/td><td>Google Analytics configura esta cookie para calcular los datos de visitantes, sesiones y campa\u00f1as y realizar un seguimiento del uso del sitio para el informe anal\u00edtico del sitio. La cookie almacena informaci\u00f3n de forma an\u00f3nima y asigna un n\u00famero generado aleatoriamente para reconocer visitantes \u00fanicos.<\/td><td>1 a\u00f1o, 1 mes y 4 d\u00edas<\/td><td>Analytics<\/td><\/tr><tr><td>_gid<\/td><td>.showeeshower.com<\/td><td>Google Analytics configura esta cookie para almacenar informaci\u00f3n sobre c\u00f3mo los visitantes utilizan un sitio web y al mismo tiempo crea un informe anal\u00edtico del rendimiento del sitio web. Algunos de los datos recopilados incluyen la cantidad de visitantes, su fuente y las p\u00e1ginas que visitan de forma an\u00f3nima.<\/td><td>1 d\u00eda<\/td><td>Analytics<\/td><\/tr><tr><td>_gat_gtag_UA_*<\/td><td>.showeeshower.com<\/td><td>Google Analytics configura esta cookie para almacenar una identificaci\u00f3n de usuario \u00fanica.<\/td><td>1 minuto<\/td><td>Analytics<\/td><\/tr><tr><td>_ga_*<\/td><td>.showeeshower.com<\/td><td>Google Analytics configura esta cookie para almacenar y contar las visitas a la p\u00e1gina.<\/td><td>1 a\u00f1o, 1 mes y 4 d\u00edas<\/td><td>Analytics<\/td><\/tr><\/tbody><\/table><\/figure>\n\n\n\n<div class=\"wp-block-uagb-container uagb-block-dca25727 default uagb-is-root-container\">\n<ul class=\"wp-block-list\">\n<li><strong>Cookies externas<\/strong><\/li>\n<\/ul>\n<\/div>\n\n\n\n<figure class=\"wp-block-table\"><table><tbody><tr><td><span id=\"docs-internal-guid-07024003-7fff-2005-af89-2e0865a4ad80\"><span style=\"font-size: 11pt; font-family: Arial, sans-serif; color: rgb(0, 0, 0); background-color: transparent; font-weight: 700; font-variant-numeric: normal; font-variant-east-asian: normal; font-variant-alternates: normal; font-variant-position: normal; vertical-align: baseline;\">Name<\/span><\/span><\/td><td><strong>Proveedor<\/strong><\/td><td><strong>Descripci\u00f3n<\/strong><\/td><td><strong>Caducidad<\/strong><\/td><td><strong>Tipo<\/strong><\/td><\/tr><tr><td>YSC<\/td><td>.youtube.com<\/td><td>Youtube configura esta cookie para rastrear las vistas de videos incrustados en las p\u00e1ginas de Youtube.<\/td><td>Sesi\u00f3n<\/td><td>Anuncio<\/td><\/tr><tr><td>VISITOR_INFO1_LIVE<\/td><td>.youtube.com<\/td><td>YouTube configura esta cookie para medir el ancho de banda, determinando si el usuario obtiene la interfaz del reproductor nueva o antigua.<\/td><td>6 meses<\/td><td>Anuncio<\/td><\/tr><tr><td>VISITOR_PRIVACY_METADATA<\/td><td>.youtube.com<\/td><td>YouTube configura esta cookie para almacenar el estado de consentimiento de cookies del usuario para el dominio actual.<\/td><td>6 meses<\/td><td>Anuncio<\/td><\/tr><\/tbody><\/table><\/figure>\n\n\n\n<div class=\"wp-block-uagb-container uagb-block-c07f6e68 default uagb-is-root-container\">\n<ul class=\"wp-block-list\">\n<li><strong>Cookies de marketing<\/strong>: Las cookies de marketing se utilizan para rastrear visitantes en sitios web. La intenci\u00f3n es mostrar anuncios que sean relevantes y atractivos para el usuario individual y, por lo tanto, m\u00e1s valiosos para los editores y anunciantes externos.<\/li>\n<\/ul>\n<\/div>\n\n\n\n<figure class=\"wp-block-table\"><table><tbody><tr><td><span id=\"docs-internal-guid-07024003-7fff-2005-af89-2e0865a4ad80\"><span style=\"font-size: 11pt; font-family: Arial, sans-serif; color: rgb(0, 0, 0); background-color: transparent; font-weight: 700; font-variant-numeric: normal; font-variant-east-asian: normal; font-variant-alternates: normal; font-variant-position: normal; vertical-align: baseline;\">Name<\/span><\/span><\/td><td><strong>Proveedor<\/strong><\/td><td><strong>Descripci\u00f3n<\/strong><\/td><td><strong>Caducidad<\/strong><\/td><td><strong>Tipo<\/strong><\/td><\/tr><\/tbody><\/table><\/figure>\n\n\n\n<h3 class=\"wp-block-heading\">\u00bfC\u00f3mo deshabilitar las cookies?<\/h3>\n\n\n\n<p>Aquellas cookies que no sean obligatorias para la navegaci\u00f3n del presente Sitio Web\/Plataforma podr\u00e1n deshabilitarse en el apartado \u201cConfigura las Cookies aqu\u00ed\u201d.<\/p>\n\n\n\n<p>Estos ajustes se encuentran en el pie de p\u00e1gina del Sitio Web\/Plataforma. Adem\u00e1s, todos los navegadores permiten hacer cambios para desactivar la configuraci\u00f3n de las cookies.<\/p>\n\n\n\n<p>Este es el motivo por el que la mayor\u00eda de los navegadores ofrecen la posibilidad de administrar las cookies, para obtener un control m\u00e1s preciso sobre la privacidad.<\/p>\n\n\n\n<p>Estos ajustes se encuentran ubicados en las \u00abopciones\u00bb o \u00abpreferencias\u00bb del men\u00fa de su navegador.<\/p>\n\n\n\n<p>A continuaci\u00f3n, podr\u00e1 encontrar los links de cada navegador para deshabilitar las cookies siguiendo las instrucciones:<\/p>\n\n\n\n<div class=\"wp-block-uagb-container uagb-block-165068d2 default uagb-is-root-container\">\n<ul class=\"wp-block-list\">\n<li>Internet Explorer (<a href=\"https:\/\/goo.gl\/iU2wh2\">https:\/\/goo.gl\/iU2wh2<\/a>)\n<ul class=\"wp-block-list\">\n<li>En el men\u00fa de herramientas, seleccionar \u201cOpciones de Internet\u201d.<\/li>\n\n\n\n<li>Haga clic en la pesta\u00f1a de privacidad.<\/li>\n\n\n\n<li>Podr\u00e1 configurar la privacidad con un cursor con seis posiciones que le permite controlar la cantidad de cookies que se instalar\u00e1n: Bloquear todas las cookies, Alta, Media Alto, Media (nivel por defecto), Baja y Aceptar todas las cookies.<\/li>\n<\/ul>\n<\/li>\n\n\n\n<li>Mozilla Firefox (<a href=\"http:\/\/goo.gl\/QXWYmv\">http:\/\/goo.gl\/QXWYmv<\/a>)\n\n\n\n\n<ul class=\"wp-block-list\">\n<li>En la parte superior de la ventana de Firefox hacer clic en el men\u00fa Herramientas.<\/li>\n<\/ul>\n\n\n\n<ul class=\"wp-block-list\">\n<li>Seleccionar Opciones.<\/li>\n\n\n\n<li>Seleccionar el panel Privacidad.<\/li>\n\n\n\n<li>En la opci\u00f3n Firefox podr\u00e1 elegir Usar una configuraci\u00f3n personalizada de su historial, as\u00ed como otras cuestiones relacionadas con su Privacidad.<\/li>\n<\/ul>\n<\/li>\n\n\n\n<li>Google Chrome (<a href=\"http:\/\/goo.gl\/fQnkSB\">http:\/\/goo.gl\/fQnkSB<\/a>)\n<ul class=\"wp-block-list\">\n<li>Hacer clic en el men\u00fa situado en la barra de herramientas.<\/li>\n\n\n\n<li>Seleccionar Configuraci\u00f3n.<\/li>\n\n\n\n<li>Hacer clic en Mostar opciones avanzadas.<\/li>\n\n\n\n<li>En la secci\u00f3n \u201cPrivacidad\u201d hacer clic en el bot\u00f3n Configuraci\u00f3n de contenido.<\/li>\n\n\n\n<li>En la selecci\u00f3n de Cookies, se pueden configurar las opciones.<\/li>\n<\/ul>\n<\/li>\n\n\n\n<li>Safari (<a href=\"https:\/\/goo.gl\/PcjEm3\">https:\/\/goo.gl\/PcjEm3<\/a>; <a href=\"https:\/\/goo.gl\/dQywEo\">https:\/\/goo.gl\/dQywEo<\/a>)\n<ul class=\"wp-block-list\">\n<li>En el men\u00fa de configuraci\u00f3n seleccione la opci\u00f3n de \u201cPreferencias\u201d.<\/li>\n\n\n\n<li>Abra la pesta\u00f1a de privacidad.<\/li>\n\n\n\n<li>Seleccione la opci\u00f3n que quiera de la secci\u00f3n de \u201cbloquear cookies\u201d.<\/li>\n\n\n\n<li>Recuerde que ciertas funciones y la plena funcionalidad del Sitio Web\/Plataforma pueden no estar disponibles despu\u00e9s de deshabilitar las cookies.<\/li>\n<\/ul>\n<\/li>\n<\/ul>\n<\/div>\n\n\n\n<p>Si no desea ser rastreado por las cookies, Google ha desarrollado un complemento para instalar en su navegador al que puede acceder en el siguiente enlace: &nbsp;<a href=\"http:\/\/goo.gl\/up4ND\">http:\/\/goo.gl\/up4ND<\/a>.<\/p>\n\n\n\n<h3 class=\"wp-block-heading\">Cookies en los dispositivos m\u00f3viles<\/h3>\n\n\n\n<p>El Sitio Web\/Plataforma de SHOWEE tambi\u00e9n usa cookies u otros dispositivos de almacenamiento en dispositivos m\u00f3viles.<\/p>\n\n\n\n<p>Aquellas cookies que no sean obligatorias para la navegaci\u00f3n del presente Sitio Web\/Plataforma podr\u00e1n deshabilitarse en el apartado \u201cConfigura las Cookies aqu\u00ed\u201d.<\/p>\n\n\n\n<p>Estos ajustes se encuentran en el pie de p\u00e1gina del Sitio Web\/Plataforma. Adem\u00e1s, al igual que sucede en los navegadores de ordenadores, los navegadores de los dispositivos m\u00f3viles permiten realizar cambios en las opciones o ajustes de privacidad para desactivar o eliminar las cookies.<\/p>\n\n\n\n<p>Si desea modificar las opciones de privacidad siga las instrucciones especificadas por el desarrollador de su navegador para dispositivo m\u00f3vil.<\/p>\n\n\n\n<p>A continuaci\u00f3n, podr\u00e1 encontrar algunos ejemplos de los links que le guiar\u00e1n para modificar las opciones de privacidad en su dispositivo m\u00f3vil:<\/p>\n\n\n\n<div class=\"wp-block-uagb-container uagb-block-f7d8c8d6 default uagb-is-root-container\">\n<ul class=\"wp-block-list\">\n<li>IOS: (<a href=\"http:\/\/goo.gl\/61xevS\">http:\/\/goo.gl\/61xevS<\/a>)<\/li>\n\n\n\n<li>Windows Phone: (<a href=\"https:\/\/goo.gl\/tKyb0y\">https:\/\/goo.gl\/tKyb0y<\/a>)<\/li>\n\n\n\n<li>Chrome Mobile: (<a href=\"http:\/\/goo.gl\/XJp7N\">http:\/\/goo.gl\/XJp7N<\/a>)<\/li>\n\n\n\n<li>Opera Mobile: (<a href=\"https:\/\/cutt.ly\/TF1Fly6\">https:\/\/cutt.ly\/TF1Fly6<\/a>)<\/li>\n<\/ul>\n<\/div>\n\n\n\n<h3 class=\"wp-block-heading\">Aceptaci\u00f3n de cookies<\/h3>\n\n\n\n<p>El presente Sitio Web\/Plataforma no instala nuestras cookies en los dispositivos de los usuarios hasta que estos hayan aceptado la instalaci\u00f3n de \u00e9stas.<\/p>\n\n\n\n<p>Le informamos que en el caso de no aceptar la instalaci\u00f3n de cookies o de deshabilitar alguna de estas en la configuraci\u00f3n, es posible que ciertos servicios no est\u00e9n disponibles sin la utilizaci\u00f3n de estas o que no pueda acceder a determinados servicios ni tampoco aprovechar por completo todo lo que este Sitio Web\/Plataforma le ofrece.<\/p>\n\n\n\n<h3 class=\"wp-block-heading\">Elaboraci\u00f3n de perfiles<\/h3>\n\n\n\n<p>SHOWEE declara de manera expresa que no llevar\u00e1 a cabo la elaboraci\u00f3n de perfiles de usuarios para su inclusi\u00f3n dentro de su pol\u00edtica de cookies.<\/p>\n\n\n\n<h3 class=\"wp-block-heading\">Per\u00edodo de conservaci\u00f3n<\/h3>\n\n\n\n<p>Los datos recogidos por medio de cookies de sesi\u00f3n s\u00f3lo se conservar\u00e1n durante el plazo en que el usuario navegue por esta p\u00e1gina web.<\/p>\n\n\n\n<p>Los datos recogidos por medio de cookies persistentes se conservar\u00e1n durante un plazo superior al de la sesi\u00f3n de navegaci\u00f3n por esta p\u00e1gina web.<\/p>\n\n\n\n<p>Puede informarse sobre la conservaci\u00f3n de los datos obtenidos por los terceros en sus correspondientes pol\u00edticas sobre el tratamiento de los datos recogidos.<\/p>","protected":false},"excerpt":{"rendered":"<p>Pol\u00edtica de cookies \u00bfQu\u00e9 son las cookies? Las cookies son archivos o ficheros que se descargan en el ordenador\/smartphone\/tablet del Usuario al acceder a determinadas p\u00e1ginas web y aplicaciones que permiten almacenar preferencias de la navegaci\u00f3n del Usuario, haciendo que la interacci\u00f3n entre el Usuario y el Sitio Web\/Plataforma sea m\u00e1s r\u00e1pida y f\u00e1cil. La &hellip;<\/p>\n<p class=\"read-more\"> <a class=\"\" href=\"https:\/\/showeeshower.com\/en\/politica-de-cookies\/\"> <span class=\"screen-reader-text\">Cookie Policy<\/span> Read More &raquo;<\/a><\/p>","protected":false},"author":1,"featured_media":0,"parent":0,"menu_order":0,"comment_status":"closed","ping_status":"closed","template":"","meta":{"inline_featured_image":false,"_uag_custom_page_level_css":"","site-sidebar-layout":"default","site-content-layout":"default","ast-global-header-display":"","ast-main-header-display":"","ast-hfb-above-header-display":"","ast-hfb-below-header-display":"","ast-hfb-mobile-header-display":"","site-post-title":"disabled","ast-breadcrumbs-content":"","ast-featured-img":"","footer-sml-layout":"","theme-transparent-header-meta":"","adv-header-id-meta":"","stick-header-meta":"","header-above-stick-meta":"","header-main-stick-meta":"","header-below-stick-meta":"","_joinchat":[],"footnotes":""},"class_list":["post-2008","page","type-page","status-publish","hentry"],"uagb_featured_image_src":{"full":false,"thumbnail":false,"medium":false,"medium_large":false,"large":false,"1536x1536":false,"2048x2048":false,"trp-custom-language-flag":false,"woocommerce_thumbnail":false,"woocommerce_single":false,"woocommerce_gallery_thumbnail":false},"uagb_author_info":{"display_name":"showee-admin","author_link":"https:\/\/showeeshower.com\/en\/blog\/author\/showee-admin\/"},"uagb_comment_info":0,"uagb_excerpt":"Pol\u00edtica de cookies \u00bfQu\u00e9 son las cookies? Las cookies son archivos o ficheros que se descargan en el ordenador\/smartphone\/tablet del Usuario al acceder a determinadas p\u00e1ginas web y aplicaciones que permiten almacenar preferencias de la navegaci\u00f3n del Usuario, haciendo que la interacci\u00f3n entre el Usuario y el Sitio Web\/Plataforma sea m\u00e1s r\u00e1pida y f\u00e1cil. La&hellip;","_links":{"self":[{"href":"https:\/\/showeeshower.com\/en\/wp-json\/wp\/v2\/pages\/2008","targetHints":{"allow":["GET"]}}],"collection":[{"href":"https:\/\/showeeshower.com\/en\/wp-json\/wp\/v2\/pages"}],"about":[{"href":"https:\/\/showeeshower.com\/en\/wp-json\/wp\/v2\/types\/page"}],"author":[{"embeddable":true,"href":"https:\/\/showeeshower.com\/en\/wp-json\/wp\/v2\/users\/1"}],"replies":[{"embeddable":true,"href":"https:\/\/showeeshower.com\/en\/wp-json\/wp\/v2\/comments?post=2008"}],"version-history":[{"count":9,"href":"https:\/\/showeeshower.com\/en\/wp-json\/wp\/v2\/pages\/2008\/revisions"}],"predecessor-version":[{"id":6591,"href":"https:\/\/showeeshower.com\/en\/wp-json\/wp\/v2\/pages\/2008\/revisions\/6591"}],"wp:attachment":[{"href":"https:\/\/showeeshower.com\/en\/wp-json\/wp\/v2\/media?parent=2008"}],"curies":[{"name":"wp","href":"https:\/\/api.w.org\/{rel}","templated":true}]}}